{"id":3359,"date":"2024-02-23T17:11:34","date_gmt":"2024-02-23T16:11:34","guid":{"rendered":"https:\/\/www.eurotresrl.it\/?page_id=3359"},"modified":"2024-04-10T16:21:25","modified_gmt":"2024-04-10T14:21:25","slug":"empty-cap-instructions-page","status":"publish","type":"page","link":"https:\/\/www.eurotresrl.it\/it\/empty-cap-instructions-page\/","title":{"rendered":"Empty Cap Instructions Page"},"content":{"rendered":"<p><div class=\"fusion-fullwidth fullwidth-box fusion-builder-row-1 fusion-flex-container has-pattern-background has-mask-background nonhundred-percent-fullwidth non-hundred-percent-height-scrolling\" style=\"--awb-border-radius-top-left:0px;--awb-border-radius-top-right:0px;--awb-border-radius-bottom-right:0px;--awb-border-radius-bottom-left:0px;--awb-background-color:#e8e8e8;--awb-flex-wrap:wrap;\" ><div class=\"fusion-builder-row fusion-row fusion-flex-align-items-center fusion-flex-content-wrap\" style=\"max-width:1216.8px;margin-left: calc(-4% \/ 2 );margin-right: calc(-4% \/ 2 );\"><div class=\"fusion-layout-column fusion_builder_column fusion-builder-column-0 fusion_builder_column_1_2 1_2 fusion-flex-column\" style=\"--awb-padding-top:30px;--awb-padding-bottom:20px;--awb-bg-size:cover;--awb-width-large:50%;--awb-margin-top-large:0px;--awb-spacing-right-large:3.84%;--awb-margin-bottom-large:0px;--awb-spacing-left-large:3.84%;--awb-width-medium:100%;--awb-order-medium:0;--awb-spacing-right-medium:1.92%;--awb-spacing-left-medium:1.92%;--awb-width-small:100%;--awb-order-small:0;--awb-spacing-right-small:1.92%;--awb-spacing-left-small:1.92%;\" data-scroll-devices=\"small-visibility,medium-visibility,large-visibility\"><div class=\"fusion-column-wrapper fusion-column-has-shadow fusion-flex-justify-content-flex-start fusion-content-layout-column\"><div class=\"fusion-title title fusion-title-1 fusion-sep-none fusion-title-text fusion-title-size-one\" style=\"--awb-text-color:#3c7d40;--awb-margin-top-small:0px;--awb-margin-right-small:0px;--awb-margin-bottom-small:20px;--awb-margin-left-small:0px;--awb-font-size:5em;\"><h1 class=\"fusion-title-heading title-heading-left fusion-responsive-typography-calculated\" style=\"font-family:&quot;Open Sans&quot;;font-style:normal;font-weight:300;margin:0;font-size:1em;--fontSize:80;line-height:var(--awb-typography1-line-height);\">Empty-Cap<\/h1><\/div><div class=\"fusion-text fusion-text-1\" style=\"--awb-margin-top:30px;\"><p>Empty-Cap permette lo smaltimento della bombola in acciaio perch\u00e9 garantisce il completo svuotamento del recipiente.<\/p>\n<\/div><\/div><\/div><div class=\"fusion-layout-column fusion_builder_column fusion-builder-column-1 fusion_builder_column_1_2 1_2 fusion-flex-column\" style=\"--awb-padding-top:30px;--awb-padding-bottom:20px;--awb-bg-size:cover;--awb-width-large:50%;--awb-margin-top-large:0px;--awb-spacing-right-large:3.84%;--awb-margin-bottom-large:0px;--awb-spacing-left-large:3.84%;--awb-width-medium:100%;--awb-order-medium:0;--awb-spacing-right-medium:1.92%;--awb-spacing-left-medium:1.92%;--awb-width-small:100%;--awb-order-small:0;--awb-spacing-right-small:1.92%;--awb-spacing-left-small:1.92%;\" data-scroll-devices=\"small-visibility,medium-visibility,large-visibility\"><div class=\"fusion-column-wrapper fusion-column-has-shadow fusion-flex-justify-content-flex-start fusion-content-layout-column\"><div class=\"fusion-image-element \" style=\"--awb-max-width:350px;--awb-caption-title-font-family:var(--h2_typography-font-family);--awb-caption-title-font-weight:var(--h2_typography-font-weight);--awb-caption-title-font-style:var(--h2_typography-font-style);--awb-caption-title-size:var(--h2_typography-font-size);--awb-caption-title-transform:var(--h2_typography-text-transform);--awb-caption-title-line-height:var(--h2_typography-line-height);--awb-caption-title-letter-spacing:var(--h2_typography-letter-spacing);\"><span class=\" fusion-imageframe imageframe-none imageframe-1 hover-type-none\"><img decoding=\"async\" width=\"496\" height=\"375\" title=\"cappuccio-trsap\" src=\"https:\/\/www.eurotresrl.it\/wp-content\/uploads\/2024\/04\/cappuccio-trsap.png\" data-orig-src=\"https:\/\/www.eurotresrl.it\/wp-content\/uploads\/2024\/04\/cappuccio-trsap.png\" alt class=\"lazyload img-responsive wp-image-3423\" srcset=\"data:image\/svg+xml,%3Csvg%20xmlns%3D%27http%3A%2F%2Fwww.w3.org%2F2000%2Fsvg%27%20width%3D%27496%27%20height%3D%27375%27%20viewBox%3D%270%200%20496%20375%27%3E%3Crect%20width%3D%27496%27%20height%3D%27375%27%20fill-opacity%3D%220%22%2F%3E%3C%2Fsvg%3E\" data-srcset=\"https:\/\/www.eurotresrl.it\/wp-content\/uploads\/2024\/04\/cappuccio-trsap-200x151.png 200w, https:\/\/www.eurotresrl.it\/wp-content\/uploads\/2024\/04\/cappuccio-trsap-400x302.png 400w, https:\/\/www.eurotresrl.it\/wp-content\/uploads\/2024\/04\/cappuccio-trsap.png 496w\" data-sizes=\"auto\" data-orig-sizes=\"(max-width: 1024px) 100vw, (max-width: 640px) 100vw, 496px\" \/><\/span><\/div><\/div><\/div><\/div><\/div><div class=\"fusion-fullwidth fullwidth-box fusion-builder-row-2 fusion-flex-container has-pattern-background has-mask-background nonhundred-percent-fullwidth non-hundred-percent-height-scrolling\" style=\"--awb-border-radius-top-left:0px;--awb-border-radius-top-right:0px;--awb-border-radius-bottom-right:0px;--awb-border-radius-bottom-left:0px;--awb-padding-top:50px;--awb-flex-wrap:wrap;\" ><div class=\"fusion-builder-row fusion-row fusion-flex-align-items-flex-start fusion-flex-content-wrap\" style=\"max-width:1216.8px;margin-left: calc(-4% \/ 2 );margin-right: calc(-4% \/ 2 );\"><div class=\"fusion-layout-column fusion_builder_column fusion-builder-column-2 fusion_builder_column_1_1 1_1 fusion-flex-column\" style=\"--awb-bg-size:cover;--awb-width-large:100%;--awb-margin-top-large:0px;--awb-spacing-right-large:1.92%;--awb-margin-bottom-large:0px;--awb-spacing-left-large:1.92%;--awb-width-medium:100%;--awb-order-medium:0;--awb-spacing-right-medium:1.92%;--awb-spacing-left-medium:1.92%;--awb-width-small:100%;--awb-order-small:0;--awb-spacing-right-small:1.92%;--awb-spacing-left-small:1.92%;\"><div class=\"fusion-column-wrapper fusion-column-has-shadow fusion-flex-justify-content-flex-start fusion-content-layout-column\"><div class=\"fusion-text fusion-text-2\" style=\"--awb-content-alignment:center;\"><h4><strong>IL FUNZIONAMENTO DI EMPTY-CAP \u00c8 SEMPLICE MA EFFICACE<\/strong><\/h4>\n<p>A bombola vuota, inserire e avvitare Empty-Cap, che manterr\u00e0 lo spillo della valvola in posizione \u00abon\u00bb.<br \/>\nIl recipiente risulter\u00e0 come bucato e rester\u00e0 privo di ogni gas all\u2019interno.<\/p>\n<p>Grazie a Empty-Cap la bombola potr\u00e0 essere smaltita e dunque riciclata in assoluta sicurezza.<\/p>\n<p>La bombola completamente vuota potr\u00e0 essere smaltita con gli altri materiali ferrosi o in base al regolamento del vostro Comune.<br \/>\nTutte le bombole saranno fornite con Empty-Cap e le sue istruzioni, senza costi aggiuntivi.<\/p>\n<\/div><\/div><\/div><\/div><\/div><div class=\"fusion-fullwidth fullwidth-box fusion-builder-row-3 fusion-flex-container has-pattern-background has-mask-background nonhundred-percent-fullwidth non-hundred-percent-height-scrolling\" style=\"--awb-border-radius-top-left:0px;--awb-border-radius-top-right:0px;--awb-border-radius-bottom-right:0px;--awb-border-radius-bottom-left:0px;--awb-padding-top:60px;--awb-padding-bottom:60px;--awb-flex-wrap:wrap;\" ><div class=\"fusion-builder-row fusion-row fusion-flex-align-items-flex-start fusion-flex-content-wrap\" style=\"max-width:1216.8px;margin-left: calc(-4% \/ 2 );margin-right: calc(-4% \/ 2 );\"><div class=\"fusion-layout-column fusion_builder_column fusion-builder-column-3 fusion_builder_column_1_2 1_2 fusion-flex-column\" style=\"--awb-bg-size:cover;--awb-width-large:50%;--awb-margin-top-large:0px;--awb-spacing-right-large:3.84%;--awb-margin-bottom-large:0px;--awb-spacing-left-large:3.84%;--awb-width-medium:100%;--awb-order-medium:0;--awb-spacing-right-medium:1.92%;--awb-spacing-left-medium:1.92%;--awb-width-small:100%;--awb-order-small:0;--awb-spacing-right-small:1.92%;--awb-spacing-left-small:1.92%;\"><div class=\"fusion-column-wrapper fusion-column-has-shadow fusion-flex-justify-content-flex-start fusion-content-layout-column\"><div class=\"fusion-title title fusion-title-2 fusion-sep-none fusion-title-text fusion-title-size-four\" style=\"--awb-margin-top:30px;--awb-margin-bottom:10px;--awb-margin-top-small:30px;--awb-margin-right-small:0px;--awb-margin-bottom-small:10px;--awb-margin-left-small:0px;\"><h4 class=\"fusion-title-heading title-heading-left fusion-responsive-typography-calculated\" style=\"margin:0;--fontSize:24;line-height:1.4;\"><strong>IT<\/strong> &#8211; ISTRUZIONI PER L\u2019USO<\/h4><\/div><div class=\"fusion-text fusion-text-3\"><p>Tenere <strong>EmptyCap<\/strong> agganciato alla bombola o comunque a portata di mano. Una volta terminato l\u2019utilizzo della bombola, quindi a bombola vuota, avvitare <strong>EmptyCap<\/strong> alla valvola per far fuoriuscire gli ultimi residui di gas e fino a completo svuotamento. <strong>EmptyCap<\/strong> non deve essere rimosso, ma deve essere lasciato avvitato alla bombola a dimostrazione del completo svuotamento. La bombola completamente vuota pu\u00f2 essere smaltita insieme agli altri metalli o secondo le disposizioni del tuo Comune. Grazie a <strong>EmptyCap<\/strong> la bombola potr\u00e0 essere smaltita e dunque riciclata in assoluta sicurezza. <strong>EmptyCap<\/strong> permette lo smaltimento della bombola in acciaio perch\u00e9 garantisce il completo svuotamento del recipiente.<\/p>\n<\/div><div class=\"fusion-title title fusion-title-3 fusion-sep-none fusion-title-text fusion-title-size-four\" style=\"--awb-margin-top:30px;--awb-margin-bottom:10px;--awb-margin-top-small:30px;--awb-margin-right-small:0px;--awb-margin-bottom-small:10px;--awb-margin-left-small:0px;\"><h4 class=\"fusion-title-heading title-heading-left fusion-responsive-typography-calculated\" style=\"margin:0;--fontSize:24;line-height:1.4;\"><strong>EN<\/strong> \u2013 INSTRUCTIONS<\/h4><\/div><div class=\"fusion-text fusion-text-4\"><p>Do not remove <strong>EmptyCap<\/strong> from the bottle or keep it on hand. Once you have finished using the cylinder,\u00a0 when the cylinder is empty, screw <strong>EmptyCap<\/strong> onto the valve to have the remaining residual of gas released. <strong>EmptyCap<\/strong> should not be removed, but should be left screwed onto the cylinder to demonstrate complete emptying. The completely empty cylinder can be disposed with the other metals or according to your local regulations. <strong>EmptyCap<\/strong> allows the disposal of steel cylinder because ensures the complete removal of gas.<\/p>\n<\/div><div class=\"fusion-title title fusion-title-4 fusion-sep-none fusion-title-text fusion-title-size-four\" style=\"--awb-margin-top:30px;--awb-margin-bottom:10px;--awb-margin-top-small:30px;--awb-margin-right-small:0px;--awb-margin-bottom-small:10px;--awb-margin-left-small:0px;\"><h4 class=\"fusion-title-heading title-heading-left fusion-responsive-typography-calculated\" style=\"margin:0;--fontSize:24;line-height:1.4;\"><strong>DE<\/strong> \u2013 GEBRAUCHSANWEISUNG<\/h4><\/div><div class=\"fusion-text fusion-text-5\"><p>Bewahren Sie <strong>EmptyCap<\/strong> an der Flasche oder in Reichweite auf. Wenn Sie die Flasche nicht mehr benutzen, d. h. wenn die Flasche leer ist, schrauben Sie die <strong>EmptyCap<\/strong> auf das Ventil, um die letzten Gasreste herauszudr\u00fccken, bis die Flasche vollst\u00e4ndig entleert ist. <strong>EmptyCap<\/strong> sollte nicht entfernt werden, sondern auf der Flasche aufgeschraubt bleiben, um die vollst\u00e4ndige Entleerung zu demonstrieren. Die vollst\u00e4ndig entleerte Flasche kann mit den anderen Metallen oder gem\u00e4\u00df den Vorschriften Ihrer Gemeinde entsorgt werden. Dank <strong>EmptyCap<\/strong> kann der Zylinder sicher entsorgt und somit recycelt werden. <strong>EmptyCap<\/strong> erm\u00f6glicht die Entsorgung der Stahlflasche, da es die vollst\u00e4ndige Entleerung des Beh\u00e4lters garantiert.<\/p>\n<\/div><\/div><\/div><div class=\"fusion-layout-column fusion_builder_column fusion-builder-column-4 fusion_builder_column_1_2 1_2 fusion-flex-column\" style=\"--awb-bg-size:cover;--awb-width-large:50%;--awb-margin-top-large:0px;--awb-spacing-right-large:3.84%;--awb-margin-bottom-large:0px;--awb-spacing-left-large:3.84%;--awb-width-medium:100%;--awb-order-medium:0;--awb-spacing-right-medium:1.92%;--awb-spacing-left-medium:1.92%;--awb-width-small:100%;--awb-order-small:0;--awb-spacing-right-small:1.92%;--awb-spacing-left-small:1.92%;\"><div class=\"fusion-column-wrapper fusion-column-has-shadow fusion-flex-justify-content-flex-start fusion-content-layout-column\"><div class=\"fusion-title title fusion-title-5 fusion-sep-none fusion-title-text fusion-title-size-four\" style=\"--awb-margin-top:30px;--awb-margin-bottom:10px;--awb-margin-top-small:30px;--awb-margin-right-small:0px;--awb-margin-bottom-small:10px;--awb-margin-left-small:0px;\"><h4 class=\"fusion-title-heading title-heading-left fusion-responsive-typography-calculated\" style=\"margin:0;--fontSize:24;line-height:1.4;\"><strong>FR<\/strong> &#8211; MODE D&#8217;EMPLOI<\/h4><\/div><div class=\"fusion-text fusion-text-6\"><p>Gardez <strong>EmptyCap<\/strong> attach\u00e9 \u00e0 la bouteille ou \u00e0 port\u00e9e de main. Lorsque vous avez fini d&#8217;utiliser la bouteille, c&#8217;est-\u00e0-dire lorsque la bouteille est vide, vissez <strong>EmptyCap<\/strong> sur la valve pour expulser les derniers restes de gaz et jusqu&#8217;\u00e0 ce que la bouteille soit compl\u00e8tement vide. <strong>EmptyCap<\/strong> ne doit pas \u00eatre enlev\u00e9, mais doit rester viss\u00e9 sur la bouteille pour montrer qu&#8217;elle est compl\u00e8tement vide. La bouteille compl\u00e8tement vide peut \u00eatre \u00e9limin\u00e9e avec les autres m\u00e9taux ou conform\u00e9ment aux r\u00e9glementations de votre municipalit\u00e9. Gr\u00e2ce \u00e0<strong> EmptyCap<\/strong>, la bouteille peut \u00eatre \u00e9limin\u00e9e et donc recycl\u00e9e en toute s\u00e9curit\u00e9. <strong>EmptyCap<\/strong> permet d&#8217;\u00e9liminer les bouteilles en acier car il garantit la vidange compl\u00e8te du conteneur.<\/p>\n<\/div><div class=\"fusion-title title fusion-title-6 fusion-sep-none fusion-title-text fusion-title-size-four\" style=\"--awb-margin-top:30px;--awb-margin-bottom:10px;--awb-margin-top-small:30px;--awb-margin-right-small:0px;--awb-margin-bottom-small:10px;--awb-margin-left-small:0px;\"><h4 class=\"fusion-title-heading title-heading-left fusion-responsive-typography-calculated\" style=\"margin:0;--fontSize:24;line-height:1.4;\"><strong>ES<\/strong> &#8211; INSTRUCCIONES DE USO<\/h4><\/div><div class=\"fusion-text fusion-text-7\"><p>Mantenga <strong>EmptyCap<\/strong> fijado a la bombona o al alcance de la mano. Una vez que haya terminado de utilizar la botella, es decir, cuando la botella est\u00e9 vac\u00eda, enrosque <strong>EmptyCap<\/strong> en la v\u00e1lvula para expulsar los \u00faltimos restos de gas y hasta que est\u00e9 completamente vac\u00eda. <strong>EmptyCap<\/strong> no debe retirarse, sino que debe dejarse enroscado en la botella para demostrar el vaciado completo. La bombona completamente vac\u00eda puede desecharse con los dem\u00e1s metales o de acuerdo con la normativa de su municipio. Gracias a <strong>EmptyCap<\/strong>, la botella puede eliminarse y reciclarse de forma segura. <strong>EmptyCap<\/strong> permite eliminar la bombona de acero porque garantiza el vaciado completo del contenedor.<\/p>\n<\/div><div class=\"fusion-title title fusion-title-7 fusion-sep-none fusion-title-text fusion-title-size-four\" style=\"--awb-margin-top:30px;--awb-margin-bottom:10px;--awb-margin-top-small:30px;--awb-margin-right-small:0px;--awb-margin-bottom-small:10px;--awb-margin-left-small:0px;\"><h4 class=\"fusion-title-heading title-heading-left fusion-responsive-typography-calculated\" style=\"margin:0;--fontSize:24;line-height:1.4;\"><strong>PT<\/strong> &#8211; INSTRU\u00c7\u00d5ES DE UTILIZA\u00c7\u00c3O<\/h4><\/div><div class=\"fusion-text fusion-text-8\"><p>Manter a <strong>EmptyCap<\/strong> presa \u00e0 garrafa ou ao alcance da m\u00e3o. Uma vez terminada a utiliza\u00e7\u00e3o da garrafa, ou seja, quando a garrafa estiver vazia, enroscar a <strong>EmptyCap<\/strong> na v\u00e1lvula para expelir os \u00faltimos restos de g\u00e1s e at\u00e9 estar completamente vazia. A <strong>EmptyCap<\/strong> n\u00e3o deve ser retirada, mas sim deixada aparafusada \u00e0 garrafa para demonstrar o esvaziamento completo. A garrafa completamente vazia pode ser eliminada juntamente com os outros metais ou de acordo com os regulamentos do seu munic\u00edpio. Gra\u00e7as ao <strong>EmptyCap<\/strong>, a garrafa pode ser eliminada e, consequentemente, reciclada de forma segura. <strong>EmptyCap<\/strong> permite a elimina\u00e7\u00e3o da garrafa de a\u00e7o porque garante o esvaziamento completo do contentor.<\/p>\n<\/div><\/div><\/div><\/div><\/div><\/p>\n","protected":false},"excerpt":{"rendered":"","protected":false},"author":3,"featured_media":0,"parent":0,"menu_order":0,"comment_status":"closed","ping_status":"closed","template":"100-width.php","meta":{"inline_featured_image":false,"footnotes":""},"class_list":["post-3359","page","type-page","status-publish","hentry"],"yoast_head":"<!-- This site is optimized with the Yoast SEO plugin v27.5 - https:\/\/yoast.com\/product\/yoast-seo-wordpress\/ -->\n<title>Empty Cap Instructions Page - Eurotre srl<\/title>\n<meta name=\"robots\" content=\"index, follow, max-snippet:-1, max-image-preview:large, max-video-preview:-1\" \/>\n<link rel=\"canonical\" href=\"https:\/\/www.eurotresrl.it\/it\/empty-cap-instructions-page\/\" \/>\n<meta property=\"og:locale\" content=\"it_IT\" \/>\n<meta property=\"og:type\" content=\"article\" \/>\n<meta property=\"og:title\" content=\"Empty Cap Instructions Page - Eurotre srl\" \/>\n<meta property=\"og:url\" content=\"https:\/\/www.eurotresrl.it\/it\/empty-cap-instructions-page\/\" \/>\n<meta property=\"og:site_name\" content=\"Eurotre srl\" \/>\n<meta property=\"article:modified_time\" content=\"2024-04-10T14:21:25+00:00\" \/>\n<meta name=\"twitter:card\" content=\"summary_large_image\" \/>\n<meta name=\"twitter:label1\" content=\"Tempo di lettura stimato\" \/>\n\t<meta name=\"twitter:data1\" content=\"4 minuti\" \/>\n<script type=\"application\/ld+json\" class=\"yoast-schema-graph\">{\"@context\":\"https:\\\/\\\/schema.org\",\"@graph\":[{\"@type\":\"WebPage\",\"@id\":\"https:\\\/\\\/www.eurotresrl.it\\\/it\\\/empty-cap-instructions-page\\\/\",\"url\":\"https:\\\/\\\/www.eurotresrl.it\\\/it\\\/empty-cap-instructions-page\\\/\",\"name\":\"Empty Cap Instructions Page - Eurotre srl\",\"isPartOf\":{\"@id\":\"https:\\\/\\\/www.eurotresrl.it\\\/it\\\/#website\"},\"datePublished\":\"2024-02-23T16:11:34+00:00\",\"dateModified\":\"2024-04-10T14:21:25+00:00\",\"breadcrumb\":{\"@id\":\"https:\\\/\\\/www.eurotresrl.it\\\/it\\\/empty-cap-instructions-page\\\/#breadcrumb\"},\"inLanguage\":\"it-IT\",\"potentialAction\":[{\"@type\":\"ReadAction\",\"target\":[\"https:\\\/\\\/www.eurotresrl.it\\\/it\\\/empty-cap-instructions-page\\\/\"]}]},{\"@type\":\"BreadcrumbList\",\"@id\":\"https:\\\/\\\/www.eurotresrl.it\\\/it\\\/empty-cap-instructions-page\\\/#breadcrumb\",\"itemListElement\":[{\"@type\":\"ListItem\",\"position\":1,\"name\":\"Home\",\"item\":\"https:\\\/\\\/www.eurotresrl.it\\\/it\\\/\"},{\"@type\":\"ListItem\",\"position\":2,\"name\":\"Empty Cap Instructions Page\"}]},{\"@type\":\"WebSite\",\"@id\":\"https:\\\/\\\/www.eurotresrl.it\\\/it\\\/#website\",\"url\":\"https:\\\/\\\/www.eurotresrl.it\\\/it\\\/\",\"name\":\"Eurotre srl\",\"description\":\"Eurotre srl\",\"potentialAction\":[{\"@type\":\"SearchAction\",\"target\":{\"@type\":\"EntryPoint\",\"urlTemplate\":\"https:\\\/\\\/www.eurotresrl.it\\\/it\\\/?s={search_term_string}\"},\"query-input\":{\"@type\":\"PropertyValueSpecification\",\"valueRequired\":true,\"valueName\":\"search_term_string\"}}],\"inLanguage\":\"it-IT\"}]}<\/script>\n<!-- \/ Yoast SEO plugin. -->","yoast_head_json":{"title":"Empty Cap Instructions Page - Eurotre srl","robots":{"index":"index","follow":"follow","max-snippet":"max-snippet:-1","max-image-preview":"max-image-preview:large","max-video-preview":"max-video-preview:-1"},"canonical":"https:\/\/www.eurotresrl.it\/it\/empty-cap-instructions-page\/","og_locale":"it_IT","og_type":"article","og_title":"Empty Cap Instructions Page - Eurotre srl","og_url":"https:\/\/www.eurotresrl.it\/it\/empty-cap-instructions-page\/","og_site_name":"Eurotre srl","article_modified_time":"2024-04-10T14:21:25+00:00","twitter_card":"summary_large_image","twitter_misc":{"Tempo di lettura stimato":"4 minuti"},"schema":{"@context":"https:\/\/schema.org","@graph":[{"@type":"WebPage","@id":"https:\/\/www.eurotresrl.it\/it\/empty-cap-instructions-page\/","url":"https:\/\/www.eurotresrl.it\/it\/empty-cap-instructions-page\/","name":"Empty Cap Instructions Page - Eurotre srl","isPartOf":{"@id":"https:\/\/www.eurotresrl.it\/it\/#website"},"datePublished":"2024-02-23T16:11:34+00:00","dateModified":"2024-04-10T14:21:25+00:00","breadcrumb":{"@id":"https:\/\/www.eurotresrl.it\/it\/empty-cap-instructions-page\/#breadcrumb"},"inLanguage":"it-IT","potentialAction":[{"@type":"ReadAction","target":["https:\/\/www.eurotresrl.it\/it\/empty-cap-instructions-page\/"]}]},{"@type":"BreadcrumbList","@id":"https:\/\/www.eurotresrl.it\/it\/empty-cap-instructions-page\/#breadcrumb","itemListElement":[{"@type":"ListItem","position":1,"name":"Home","item":"https:\/\/www.eurotresrl.it\/it\/"},{"@type":"ListItem","position":2,"name":"Empty Cap Instructions Page"}]},{"@type":"WebSite","@id":"https:\/\/www.eurotresrl.it\/it\/#website","url":"https:\/\/www.eurotresrl.it\/it\/","name":"Eurotre srl","description":"Eurotre srl","potentialAction":[{"@type":"SearchAction","target":{"@type":"EntryPoint","urlTemplate":"https:\/\/www.eurotresrl.it\/it\/?s={search_term_string}"},"query-input":{"@type":"PropertyValueSpecification","valueRequired":true,"valueName":"search_term_string"}}],"inLanguage":"it-IT"}]}},"_links":{"self":[{"href":"https:\/\/www.eurotresrl.it\/it\/wp-json\/wp\/v2\/pages\/3359","targetHints":{"allow":["GET"]}}],"collection":[{"href":"https:\/\/www.eurotresrl.it\/it\/wp-json\/wp\/v2\/pages"}],"about":[{"href":"https:\/\/www.eurotresrl.it\/it\/wp-json\/wp\/v2\/types\/page"}],"author":[{"embeddable":true,"href":"https:\/\/www.eurotresrl.it\/it\/wp-json\/wp\/v2\/users\/3"}],"replies":[{"embeddable":true,"href":"https:\/\/www.eurotresrl.it\/it\/wp-json\/wp\/v2\/comments?post=3359"}],"version-history":[{"count":31,"href":"https:\/\/www.eurotresrl.it\/it\/wp-json\/wp\/v2\/pages\/3359\/revisions"}],"predecessor-version":[{"id":3446,"href":"https:\/\/www.eurotresrl.it\/it\/wp-json\/wp\/v2\/pages\/3359\/revisions\/3446"}],"wp:attachment":[{"href":"https:\/\/www.eurotresrl.it\/it\/wp-json\/wp\/v2\/media?parent=3359"}],"curies":[{"name":"wp","href":"https:\/\/api.w.org\/{rel}","templated":true}]}}